{"id":30365,"date":"2019-05-03T12:00:51","date_gmt":"2019-05-03T09:00:51","guid":{"rendered":"https:\/\/www.rodospalladium.gr\/rhodes-town\/"},"modified":"2024-09-23T14:35:36","modified_gmt":"2024-09-23T11:35:36","slug":"rhodes-town","status":"publish","type":"page","link":"https:\/\/www.rodospalladium.gr\/fr\/rhodes-town\/","title":{"rendered":"Rhodes Town"},"content":{"rendered":"<p>La ville de Rhodes se situe \u00e0 l&rsquo;extr\u00e9mit\u00e9 nord de l&rsquo;\u00eele, l\u00e0 o\u00f9 se trouvait autrefois la cit\u00e9 antique. L&rsquo;imposante architecture italienne est \u00e9vidente et se marie parfaitement avec le reste de la ville, cr\u00e9ant une atmosph\u00e8re vraiment magnifique. Il y a beaucoup de choses \u00e0 voir et \u00e0 faire \u00e0 Rhodes, mais nous avons soigneusement s\u00e9lectionn\u00e9 les lieux d&rsquo;int\u00e9r\u00eat incontournables que personne ne peut se permettre de manquer !<\/p>\n","protected":false},"excerpt":{"rendered":"<p>La ville de Rhodes se situe \u00e0 l&rsquo;extr\u00e9mit\u00e9 nord de l&rsquo;\u00eele, l\u00e0 o\u00f9 se trouvait autrefois la cit\u00e9 antique. L&rsquo;imposante architecture italienne est \u00e9vidente et se marie parfaitement avec le reste de la ville, cr\u00e9ant une atmosph\u00e8re vraiment magnifique. Il y a beaucoup de choses \u00e0 voir et \u00e0 faire \u00e0 Rhodes, mais nous avons<\/p>\n","protected":false},"author":1,"featured_media":28493,"parent":0,"menu_order":0,"comment_status":"closed","ping_status":"closed","template":"","meta":{"_acf_changed":false,"footnotes":""},"class_list":["post-30365","page","type-page","status-publish","has-post-thumbnail","hentry"],"acf":[],"yoast_head":"<!-- This site is optimized with the Yoast SEO plugin v26.9 - https:\/\/yoast.com\/product\/yoast-seo-wordpress\/ -->\n<title>Rhodes Town - Rodos Palladium Leisure &amp; Wellness<\/title>\n<meta name=\"robots\" content=\"index, follow, max-snippet:-1, max-image-preview:large, max-video-preview:-1\" \/>\n<link rel=\"canonical\" href=\"https:\/\/www.rodospalladium.gr\/fr\/rhodes-town\/\" \/>\n<meta property=\"og:locale\" content=\"fr_FR\" \/>\n<meta property=\"og:type\" content=\"article\" \/>\n<meta property=\"og:title\" content=\"Rhodes Town - Rodos Palladium Leisure &amp; Wellness\" \/>\n<meta property=\"og:description\" content=\"La ville de Rhodes se situe \u00e0 l&rsquo;extr\u00e9mit\u00e9 nord de l&rsquo;\u00eele, l\u00e0 o\u00f9 se trouvait autrefois la cit\u00e9 antique. L&rsquo;imposante architecture italienne est \u00e9vidente et se marie parfaitement avec le reste de la ville, cr\u00e9ant une atmosph\u00e8re vraiment magnifique. Il y a beaucoup de choses \u00e0 voir et \u00e0 faire \u00e0 Rhodes, mais nous avons\" \/>\n<meta property=\"og:url\" content=\"https:\/\/www.rodospalladium.gr\/fr\/rhodes-town\/\" \/>\n<meta property=\"og:site_name\" content=\"Rodos Palladium Leisure &amp; Wellness\" \/>\n<meta property=\"article:modified_time\" content=\"2024-09-23T11:35:36+00:00\" \/>\n<meta property=\"og:image\" content=\"https:\/\/www.rodospalladium.gr\/app\/uploads\/sites\/46\/2019\/05\/rhodes_1web.jpeg\" \/>\n\t<meta property=\"og:image:width\" content=\"1920\" \/>\n\t<meta property=\"og:image:height\" content=\"849\" \/>\n\t<meta property=\"og:image:type\" content=\"image\/jpeg\" \/>\n<meta name=\"twitter:card\" content=\"summary_large_image\" \/>\n<meta name=\"twitter:label1\" content=\"Est. reading time\" \/>\n\t<meta name=\"twitter:data1\" content=\"1 minute\" \/>\n<script type=\"application\/ld+json\" class=\"yoast-schema-graph\">{\"@context\":\"https:\/\/schema.org\",\"@graph\":[{\"@type\":\"WebPage\",\"@id\":\"https:\/\/www.rodospalladium.gr\/fr\/rhodes-town\/\",\"url\":\"https:\/\/www.rodospalladium.gr\/fr\/rhodes-town\/\",\"name\":\"Rhodes Town - Rodos Palladium Leisure &amp; Wellness\",\"isPartOf\":{\"@id\":\"https:\/\/www.rodospalladium.gr\/#website\"},\"primaryImageOfPage\":{\"@id\":\"https:\/\/www.rodospalladium.gr\/fr\/rhodes-town\/#primaryimage\"},\"image\":{\"@id\":\"https:\/\/www.rodospalladium.gr\/fr\/rhodes-town\/#primaryimage\"},\"thumbnailUrl\":\"https:\/\/www.rodospalladium.gr\/app\/uploads\/sites\/46\/2019\/05\/rhodes_1web.jpeg\",\"datePublished\":\"2019-05-03T09:00:51+00:00\",\"dateModified\":\"2024-09-23T11:35:36+00:00\",\"breadcrumb\":{\"@id\":\"https:\/\/www.rodospalladium.gr\/fr\/rhodes-town\/#breadcrumb\"},\"inLanguage\":\"fr-FR\",\"potentialAction\":[{\"@type\":\"ReadAction\",\"target\":[\"https:\/\/www.rodospalladium.gr\/fr\/rhodes-town\/\"]}]},{\"@type\":\"ImageObject\",\"inLanguage\":\"fr-FR\",\"@id\":\"https:\/\/www.rodospalladium.gr\/fr\/rhodes-town\/#primaryimage\",\"url\":\"https:\/\/www.rodospalladium.gr\/app\/uploads\/sites\/46\/2019\/05\/rhodes_1web.jpeg\",\"contentUrl\":\"https:\/\/www.rodospalladium.gr\/app\/uploads\/sites\/46\/2019\/05\/rhodes_1web.jpeg\",\"width\":1920,\"height\":849},{\"@type\":\"BreadcrumbList\",\"@id\":\"https:\/\/www.rodospalladium.gr\/fr\/rhodes-town\/#breadcrumb\",\"itemListElement\":[{\"@type\":\"ListItem\",\"position\":1,\"name\":\"Home\",\"item\":\"https:\/\/www.rodospalladium.gr\/fr\/\"},{\"@type\":\"ListItem\",\"position\":2,\"name\":\"Rhodes Town\"}]},{\"@type\":\"WebSite\",\"@id\":\"https:\/\/www.rodospalladium.gr\/#website\",\"url\":\"https:\/\/www.rodospalladium.gr\/\",\"name\":\"Rodos Palladium Leisure &amp; Wellness\",\"description\":\"Rodos Palladium Leisure &amp; Wellness is among Rhodes finest five star hotels. It enjoys a premier beach front location at Kallithea bay, offering luxurious accommodation and exclusive leisure and spa facilities.\",\"potentialAction\":[{\"@type\":\"SearchAction\",\"target\":{\"@type\":\"EntryPoint\",\"urlTemplate\":\"https:\/\/www.rodospalladium.gr\/?s={search_term_string}\"},\"query-input\":{\"@type\":\"PropertyValueSpecification\",\"valueRequired\":true,\"valueName\":\"search_term_string\"}}],\"inLanguage\":\"fr-FR\"}]}<\/script>\n<!-- \/ Yoast SEO plugin. -->","yoast_head_json":{"title":"Rhodes Town - Rodos Palladium Leisure &amp; Wellness","robots":{"index":"index","follow":"follow","max-snippet":"max-snippet:-1","max-image-preview":"max-image-preview:large","max-video-preview":"max-video-preview:-1"},"canonical":"https:\/\/www.rodospalladium.gr\/fr\/rhodes-town\/","og_locale":"fr_FR","og_type":"article","og_title":"Rhodes Town - Rodos Palladium Leisure &amp; Wellness","og_description":"La ville de Rhodes se situe \u00e0 l&rsquo;extr\u00e9mit\u00e9 nord de l&rsquo;\u00eele, l\u00e0 o\u00f9 se trouvait autrefois la cit\u00e9 antique. L&rsquo;imposante architecture italienne est \u00e9vidente et se marie parfaitement avec le reste de la ville, cr\u00e9ant une atmosph\u00e8re vraiment magnifique. Il y a beaucoup de choses \u00e0 voir et \u00e0 faire \u00e0 Rhodes, mais nous avons","og_url":"https:\/\/www.rodospalladium.gr\/fr\/rhodes-town\/","og_site_name":"Rodos Palladium Leisure &amp; Wellness","article_modified_time":"2024-09-23T11:35:36+00:00","og_image":[{"width":1920,"height":849,"url":"https:\/\/www.rodospalladium.gr\/app\/uploads\/sites\/46\/2019\/05\/rhodes_1web.jpeg","type":"image\/jpeg"}],"twitter_card":"summary_large_image","twitter_misc":{"Est. reading time":"1 minute"},"schema":{"@context":"https:\/\/schema.org","@graph":[{"@type":"WebPage","@id":"https:\/\/www.rodospalladium.gr\/fr\/rhodes-town\/","url":"https:\/\/www.rodospalladium.gr\/fr\/rhodes-town\/","name":"Rhodes Town - Rodos Palladium Leisure &amp; Wellness","isPartOf":{"@id":"https:\/\/www.rodospalladium.gr\/#website"},"primaryImageOfPage":{"@id":"https:\/\/www.rodospalladium.gr\/fr\/rhodes-town\/#primaryimage"},"image":{"@id":"https:\/\/www.rodospalladium.gr\/fr\/rhodes-town\/#primaryimage"},"thumbnailUrl":"https:\/\/www.rodospalladium.gr\/app\/uploads\/sites\/46\/2019\/05\/rhodes_1web.jpeg","datePublished":"2019-05-03T09:00:51+00:00","dateModified":"2024-09-23T11:35:36+00:00","breadcrumb":{"@id":"https:\/\/www.rodospalladium.gr\/fr\/rhodes-town\/#breadcrumb"},"inLanguage":"fr-FR","potentialAction":[{"@type":"ReadAction","target":["https:\/\/www.rodospalladium.gr\/fr\/rhodes-town\/"]}]},{"@type":"ImageObject","inLanguage":"fr-FR","@id":"https:\/\/www.rodospalladium.gr\/fr\/rhodes-town\/#primaryimage","url":"https:\/\/www.rodospalladium.gr\/app\/uploads\/sites\/46\/2019\/05\/rhodes_1web.jpeg","contentUrl":"https:\/\/www.rodospalladium.gr\/app\/uploads\/sites\/46\/2019\/05\/rhodes_1web.jpeg","width":1920,"height":849},{"@type":"BreadcrumbList","@id":"https:\/\/www.rodospalladium.gr\/fr\/rhodes-town\/#breadcrumb","itemListElement":[{"@type":"ListItem","position":1,"name":"Home","item":"https:\/\/www.rodospalladium.gr\/fr\/"},{"@type":"ListItem","position":2,"name":"Rhodes Town"}]},{"@type":"WebSite","@id":"https:\/\/www.rodospalladium.gr\/#website","url":"https:\/\/www.rodospalladium.gr\/","name":"Rodos Palladium Leisure &amp; Wellness","description":"Rodos Palladium Leisure &amp; Wellness is among Rhodes finest five star hotels. It enjoys a premier beach front location at Kallithea bay, offering luxurious accommodation and exclusive leisure and spa facilities.","potentialAction":[{"@type":"SearchAction","target":{"@type":"EntryPoint","urlTemplate":"https:\/\/www.rodospalladium.gr\/?s={search_term_string}"},"query-input":{"@type":"PropertyValueSpecification","valueRequired":true,"valueName":"search_term_string"}}],"inLanguage":"fr-FR"}]}},"_links":{"self":[{"href":"https:\/\/www.rodospalladium.gr\/fr\/wp-json\/wp\/v2\/pages\/30365"}],"collection":[{"href":"https:\/\/www.rodospalladium.gr\/fr\/wp-json\/wp\/v2\/pages"}],"about":[{"href":"https:\/\/www.rodospalladium.gr\/fr\/wp-json\/wp\/v2\/types\/page"}],"author":[{"embeddable":true,"href":"https:\/\/www.rodospalladium.gr\/fr\/wp-json\/wp\/v2\/users\/1"}],"replies":[{"embeddable":true,"href":"https:\/\/www.rodospalladium.gr\/fr\/wp-json\/wp\/v2\/comments?post=30365"}],"version-history":[{"count":1,"href":"https:\/\/www.rodospalladium.gr\/fr\/wp-json\/wp\/v2\/pages\/30365\/revisions"}],"predecessor-version":[{"id":30383,"href":"https:\/\/www.rodospalladium.gr\/fr\/wp-json\/wp\/v2\/pages\/30365\/revisions\/30383"}],"wp:featuredmedia":[{"embeddable":true,"href":"https:\/\/www.rodospalladium.gr\/fr\/wp-json\/wp\/v2\/media\/28493"}],"wp:attachment":[{"href":"https:\/\/www.rodospalladium.gr\/fr\/wp-json\/wp\/v2\/media?parent=30365"}],"curies":[{"name":"wp","href":"https:\/\/api.w.org\/{rel}","templated":true}]}}