{"id":682,"date":"2019-02-15T08:54:48","date_gmt":"2019-02-15T05:54:48","guid":{"rendered":"http:\/\/harmony.cms4.nelios.com\/the-hotel\/"},"modified":"2025-08-07T13:12:25","modified_gmt":"2025-08-07T10:12:25","slug":"l-hotel","status":"publish","type":"page","link":"https:\/\/www.rodospalladium.gr\/fr\/l-hotel\/","title":{"rendered":"APPER\u00c7U DE L\u2019H\u00d4TEL"},"content":{"rendered":"<h2><span style=\"color: #baa789;\">Rodos Palladium Leisure &amp; Wellness<\/span><\/h2>\n<p>Le Rodos Palladium, l\u2019h\u00f4tel de luxe le plus prim\u00e9 de l\u2019\u00eele, allie harmonieusement luxe discret et qualit\u00e9 authentique. Il est r\u00e9put\u00e9 pour son service exceptionnel, ses restaurants \u00e9l\u00e9gants aux saveurs grecques et m\u00e9diterran\u00e9ennes raffin\u00e9es, ses bars cosmopolites et sa grande piscine tropicale. Ses impressionnantes installations de banquets et de conf\u00e9rences le rendent id\u00e9al pour les voyageurs d&rsquo;affaires et de loisirs.<\/p>\n<p><strong>EMPLACEMENT\u00a0:<\/strong> Id\u00e9alement situ\u00e9 sur une superficie de 30 000m2, le Rodos Palladium b\u00e9n\u00e9ficie d\u2019un emplacement privil\u00e9gi\u00e9 en bord de mer, directement sur la plage de sable et de galets r\u00e9compens\u00e9e par le pavillon bleu de Kallithea. L\u2019h\u00f4tel est \u00e0 proximit\u00e9 \u00e0 la fois de la ville de Rhodes, avec sa splendide ville m\u00e9di\u00e9vale et ses c\u00e9l\u00e8bres sites historiques, ainsi que des lieux de beaut\u00e9 naturelle de l\u2019\u00eele et des villages traditionnels de la superbe c\u00f4te est.<\/p>\n<p><strong>Distances:<\/strong><\/p>\n<ul>\n<li>Centre de la ville de Rhodes: 8Km<\/li>\n<li>A\u00e9roport International de Rhodes: 15Km<\/li>\n<li>Cours de Golf 18 trous d\u2019Afantou: 8Km<\/li>\n<li>Village de Lindos: 42Km<\/li>\n<\/ul>\n<h3><strong><span style=\"color: #baa789;\"><br \/>\nL\u2019H\u00d4TEL EN UN COUP D\u2019\u0152IL<\/span><\/strong><\/h3>\n<p>&nbsp;<\/p>\n<ul>\n<li>Emplacement en bord de mer<\/li>\n<li>Plage r\u00e9compens\u00e9e par le pavillon bleu<\/li>\n<li>377 chambres d\u2019h\u00f4tes &amp; Suites<\/li>\n<li>3 Restaurants &amp; 3 Bars<\/li>\n<li>Spa &amp; et centre de bien \u00eatre avec piscine int\u00e9rieure chauff\u00e9e <strong>(Les enfants de moins de 16 ans ne sont pas admis)<\/strong><\/li>\n<li>Large piscine ext\u00e9rieure<\/li>\n<li>Piscine ext\u00e9rieure pour les enfants<\/li>\n<li>Installations sportives<\/li>\n<li>Free Wi-Fi partout dans le complexe<\/li>\n<\/ul>\n<p>&nbsp;<\/p>\n<h3><span style=\"color: #baa789;\"><strong>H\u00c9BERGEMENT<\/strong><\/span><\/h3>\n<p>Le Rodos Palladium comprend un b\u00e2timent principal de 6 \u00e9tages; trois b\u00e2timents adjacents de 4 \u00e9tages, tous avec une vue mer ; un b\u00e2timent de 3 \u00e9tages avec des chambres familiales Deluxe tr\u00e8s proches de la plage ; et un b\u00e2timent au rez de chauss\u00e9e avec des chambres et suites ex\u00e9cutives avec piscines priv\u00e9es, \u00e0 deux pas de la mer. Toute les chambres disposent de : climatisation avec thermostat individuel, t\u00e9l\u00e9vision LCD avec cha\u00eenes satellite, acc\u00e8s Internet Wi-Fi (gratuit), bureau, t\u00e9l\u00e9phone direct, mini-r\u00e9frig\u00e9rateur (mini-bar \u2013 bouilloire et coffre fort \u00a0(gratuit). La salle de bains spacieuse en marbre dispose d\u2019un poste t\u00e9l\u00e9phonique, d\u2019un s\u00e8che-cheveux et d\u2019un miroir grossissant de maquillage. Les dispositifs de s\u00e9curit\u00e9 comprennent des serrures \u00e0 carte magn\u00e9tique, des d\u00e9tecteurs de fum\u00e9e, des gicleurs et des portes coupe-feu. <strong>L\u2019\u00e2ge minimum pour<\/strong> le check-in est 18 ans. Les enfants en dessous de 18 ans doivent \u00eatre accompagn\u00e9s par un adulte.<\/p>\n<h4><strong>TYPES DE CHAMBRES:<\/strong><\/h4>\n<ul>\n<li>Chambre Deluxe vue sur les terres (27m\u00b2 \/ 2-3pax)<\/li>\n<li>Chambre Deluxe vue mer (27m\u00b2 \/ 2-3pax)<\/li>\n<li>Chambre Sup\u00e9rieure vue mer (27-30m\u00b2 \/ 2-3 pax)<\/li>\n<li>Chambre Elite vue directe sur mer (30m\u00b2 \/ 2-3 pax)<\/li>\n<li>Chambre familiale Deluxe vue sur mer (35m\u00b2\/2-3 pax)<\/li>\n<li>Suite Junior Suite vue mer (44m\u00b2 \/ 2-3 pax)<\/li>\n<li>Chambre ex\u00e9cutive avec piscine priv\u00e9e (40m\u00b2 \/ 2-3 pax)<\/li>\n<li>Suite vue mer (75m\u00b2 \/ 2-3 pax)<\/li>\n<li>Suite ex\u00e9cutive avec piscine priv\u00e9e vue jardin (50m\u00b2 \/ 2-3 pax)<\/li>\n<li>Suite ex\u00e9cutive avec piscine priv\u00e9e vue mer (50m\u00b2 \/ 2-3 pax)<\/li>\n<\/ul>\n<p><em>\u00a0<\/em><\/p>\n<p>Pour les caract\u00e9ristiques d\u00e9taill\u00e9es de chaque type de chambre, veuillez cliquer<strong> <a href=\"https:\/\/www.rodospalladium.gr\/fr\/rooms\/\" target=\"_blank\" rel=\"noopener\">ici<\/a><\/strong><\/p>\n<p>&nbsp;<\/p>\n","protected":false},"excerpt":{"rendered":"<p>Rodos Palladium Leisure &amp; Wellness Le Rodos Palladium, l\u2019h\u00f4tel de luxe le plus prim\u00e9 de l\u2019\u00eele, allie harmonieusement luxe discret et qualit\u00e9 authentique. Il est r\u00e9put\u00e9 pour son service exceptionnel, ses restaurants \u00e9l\u00e9gants aux saveurs grecques et m\u00e9diterran\u00e9ennes raffin\u00e9es, ses bars cosmopolites et sa grande piscine tropicale. Ses impressionnantes installations de banquets et de conf\u00e9rences<\/p>\n","protected":false},"author":1,"featured_media":13404,"parent":0,"menu_order":0,"comment_status":"closed","ping_status":"closed","template":"","meta":{"_acf_changed":false,"footnotes":""},"class_list":["post-682","page","type-page","status-publish","has-post-thumbnail","hentry"],"acf":[],"yoast_head":"<!-- This site is optimized with the Yoast SEO plugin v26.9 - https:\/\/yoast.com\/product\/yoast-seo-wordpress\/ -->\n<title>APPER\u00c7U DE L\u2019H\u00d4TEL - Rodos Palladium Leisure &amp; Wellness<\/title>\n<meta name=\"description\" content=\"Station baln\u00e9aire 5 \u00e9toiles \u00e0 Kallithea, Rhodes. Rodos\u202fPalladium propose hospitalit\u00e9 prim\u00e9e, spa, gastronomie raffin\u00e9e, piscines et charme m\u00e9diterran\u00e9en.\" \/>\n<meta name=\"robots\" content=\"index, follow, max-snippet:-1, max-image-preview:large, max-video-preview:-1\" \/>\n<link rel=\"canonical\" href=\"https:\/\/www.rodospalladium.gr\/fr\/l-hotel\/\" \/>\n<meta property=\"og:locale\" content=\"fr_FR\" \/>\n<meta property=\"og:type\" content=\"article\" \/>\n<meta property=\"og:title\" content=\"APPER\u00c7U DE L\u2019H\u00d4TEL - Rodos Palladium Leisure &amp; Wellness\" \/>\n<meta property=\"og:description\" content=\"Station baln\u00e9aire 5 \u00e9toiles \u00e0 Kallithea, Rhodes. Rodos\u202fPalladium propose hospitalit\u00e9 prim\u00e9e, spa, gastronomie raffin\u00e9e, piscines et charme m\u00e9diterran\u00e9en.\" \/>\n<meta property=\"og:url\" content=\"https:\/\/www.rodospalladium.gr\/fr\/l-hotel\/\" \/>\n<meta property=\"og:site_name\" content=\"Rodos Palladium Leisure &amp; Wellness\" \/>\n<meta property=\"article:modified_time\" content=\"2025-08-07T10:12:25+00:00\" \/>\n<meta property=\"og:image\" content=\"https:\/\/www.rodospalladium.gr\/app\/uploads\/sites\/46\/2021\/08\/254_RODOS_PALLADIUM_Outdoor_Pools.jpg\" \/>\n\t<meta property=\"og:image:width\" content=\"1920\" \/>\n\t<meta property=\"og:image:height\" content=\"1200\" \/>\n\t<meta property=\"og:image:type\" content=\"image\/jpeg\" \/>\n<meta name=\"twitter:card\" content=\"summary_large_image\" \/>\n<meta name=\"twitter:label1\" content=\"Est. reading time\" \/>\n\t<meta name=\"twitter:data1\" content=\"3 minutes\" \/>\n<script type=\"application\/ld+json\" class=\"yoast-schema-graph\">{\"@context\":\"https:\/\/schema.org\",\"@graph\":[{\"@type\":\"WebPage\",\"@id\":\"https:\/\/www.rodospalladium.gr\/fr\/l-hotel\/\",\"url\":\"https:\/\/www.rodospalladium.gr\/fr\/l-hotel\/\",\"name\":\"APPER\u00c7U DE L\u2019H\u00d4TEL - Rodos Palladium Leisure &amp; Wellness\",\"isPartOf\":{\"@id\":\"https:\/\/www.rodospalladium.gr\/#website\"},\"primaryImageOfPage\":{\"@id\":\"https:\/\/www.rodospalladium.gr\/fr\/l-hotel\/#primaryimage\"},\"image\":{\"@id\":\"https:\/\/www.rodospalladium.gr\/fr\/l-hotel\/#primaryimage\"},\"thumbnailUrl\":\"https:\/\/www.rodospalladium.gr\/app\/uploads\/sites\/46\/2021\/08\/254_RODOS_PALLADIUM_Outdoor_Pools.jpg\",\"datePublished\":\"2019-02-15T05:54:48+00:00\",\"dateModified\":\"2025-08-07T10:12:25+00:00\",\"description\":\"Station baln\u00e9aire 5 \u00e9toiles \u00e0 Kallithea, Rhodes. Rodos\u202fPalladium propose hospitalit\u00e9 prim\u00e9e, spa, gastronomie raffin\u00e9e, piscines et charme m\u00e9diterran\u00e9en.\",\"breadcrumb\":{\"@id\":\"https:\/\/www.rodospalladium.gr\/fr\/l-hotel\/#breadcrumb\"},\"inLanguage\":\"fr-FR\",\"potentialAction\":[{\"@type\":\"ReadAction\",\"target\":[\"https:\/\/www.rodospalladium.gr\/fr\/l-hotel\/\"]}]},{\"@type\":\"ImageObject\",\"inLanguage\":\"fr-FR\",\"@id\":\"https:\/\/www.rodospalladium.gr\/fr\/l-hotel\/#primaryimage\",\"url\":\"https:\/\/www.rodospalladium.gr\/app\/uploads\/sites\/46\/2021\/08\/254_RODOS_PALLADIUM_Outdoor_Pools.jpg\",\"contentUrl\":\"https:\/\/www.rodospalladium.gr\/app\/uploads\/sites\/46\/2021\/08\/254_RODOS_PALLADIUM_Outdoor_Pools.jpg\",\"width\":1920,\"height\":1200,\"caption\":\"Outdoor Pools\"},{\"@type\":\"BreadcrumbList\",\"@id\":\"https:\/\/www.rodospalladium.gr\/fr\/l-hotel\/#breadcrumb\",\"itemListElement\":[{\"@type\":\"ListItem\",\"position\":1,\"name\":\"Home\",\"item\":\"https:\/\/www.rodospalladium.gr\/fr\/\"},{\"@type\":\"ListItem\",\"position\":2,\"name\":\"APPER\u00c7U DE L\u2019H\u00d4TEL\"}]},{\"@type\":\"WebSite\",\"@id\":\"https:\/\/www.rodospalladium.gr\/#website\",\"url\":\"https:\/\/www.rodospalladium.gr\/\",\"name\":\"Rodos Palladium Leisure &amp; Wellness\",\"description\":\"Rodos Palladium Leisure &amp; Wellness is among Rhodes finest five star hotels. It enjoys a premier beach front location at Kallithea bay, offering luxurious accommodation and exclusive leisure and spa facilities.\",\"potentialAction\":[{\"@type\":\"SearchAction\",\"target\":{\"@type\":\"EntryPoint\",\"urlTemplate\":\"https:\/\/www.rodospalladium.gr\/?s={search_term_string}\"},\"query-input\":{\"@type\":\"PropertyValueSpecification\",\"valueRequired\":true,\"valueName\":\"search_term_string\"}}],\"inLanguage\":\"fr-FR\"}]}<\/script>\n<!-- \/ Yoast SEO plugin. -->","yoast_head_json":{"title":"APPER\u00c7U DE L\u2019H\u00d4TEL - Rodos Palladium Leisure &amp; Wellness","description":"Station baln\u00e9aire 5 \u00e9toiles \u00e0 Kallithea, Rhodes. Rodos\u202fPalladium propose hospitalit\u00e9 prim\u00e9e, spa, gastronomie raffin\u00e9e, piscines et charme m\u00e9diterran\u00e9en.","robots":{"index":"index","follow":"follow","max-snippet":"max-snippet:-1","max-image-preview":"max-image-preview:large","max-video-preview":"max-video-preview:-1"},"canonical":"https:\/\/www.rodospalladium.gr\/fr\/l-hotel\/","og_locale":"fr_FR","og_type":"article","og_title":"APPER\u00c7U DE L\u2019H\u00d4TEL - Rodos Palladium Leisure &amp; Wellness","og_description":"Station baln\u00e9aire 5 \u00e9toiles \u00e0 Kallithea, Rhodes. Rodos\u202fPalladium propose hospitalit\u00e9 prim\u00e9e, spa, gastronomie raffin\u00e9e, piscines et charme m\u00e9diterran\u00e9en.","og_url":"https:\/\/www.rodospalladium.gr\/fr\/l-hotel\/","og_site_name":"Rodos Palladium Leisure &amp; Wellness","article_modified_time":"2025-08-07T10:12:25+00:00","og_image":[{"width":1920,"height":1200,"url":"https:\/\/www.rodospalladium.gr\/app\/uploads\/sites\/46\/2021\/08\/254_RODOS_PALLADIUM_Outdoor_Pools.jpg","type":"image\/jpeg"}],"twitter_card":"summary_large_image","twitter_misc":{"Est. reading time":"3 minutes"},"schema":{"@context":"https:\/\/schema.org","@graph":[{"@type":"WebPage","@id":"https:\/\/www.rodospalladium.gr\/fr\/l-hotel\/","url":"https:\/\/www.rodospalladium.gr\/fr\/l-hotel\/","name":"APPER\u00c7U DE L\u2019H\u00d4TEL - Rodos Palladium Leisure &amp; Wellness","isPartOf":{"@id":"https:\/\/www.rodospalladium.gr\/#website"},"primaryImageOfPage":{"@id":"https:\/\/www.rodospalladium.gr\/fr\/l-hotel\/#primaryimage"},"image":{"@id":"https:\/\/www.rodospalladium.gr\/fr\/l-hotel\/#primaryimage"},"thumbnailUrl":"https:\/\/www.rodospalladium.gr\/app\/uploads\/sites\/46\/2021\/08\/254_RODOS_PALLADIUM_Outdoor_Pools.jpg","datePublished":"2019-02-15T05:54:48+00:00","dateModified":"2025-08-07T10:12:25+00:00","description":"Station baln\u00e9aire 5 \u00e9toiles \u00e0 Kallithea, Rhodes. Rodos\u202fPalladium propose hospitalit\u00e9 prim\u00e9e, spa, gastronomie raffin\u00e9e, piscines et charme m\u00e9diterran\u00e9en.","breadcrumb":{"@id":"https:\/\/www.rodospalladium.gr\/fr\/l-hotel\/#breadcrumb"},"inLanguage":"fr-FR","potentialAction":[{"@type":"ReadAction","target":["https:\/\/www.rodospalladium.gr\/fr\/l-hotel\/"]}]},{"@type":"ImageObject","inLanguage":"fr-FR","@id":"https:\/\/www.rodospalladium.gr\/fr\/l-hotel\/#primaryimage","url":"https:\/\/www.rodospalladium.gr\/app\/uploads\/sites\/46\/2021\/08\/254_RODOS_PALLADIUM_Outdoor_Pools.jpg","contentUrl":"https:\/\/www.rodospalladium.gr\/app\/uploads\/sites\/46\/2021\/08\/254_RODOS_PALLADIUM_Outdoor_Pools.jpg","width":1920,"height":1200,"caption":"Outdoor Pools"},{"@type":"BreadcrumbList","@id":"https:\/\/www.rodospalladium.gr\/fr\/l-hotel\/#breadcrumb","itemListElement":[{"@type":"ListItem","position":1,"name":"Home","item":"https:\/\/www.rodospalladium.gr\/fr\/"},{"@type":"ListItem","position":2,"name":"APPER\u00c7U DE L\u2019H\u00d4TEL"}]},{"@type":"WebSite","@id":"https:\/\/www.rodospalladium.gr\/#website","url":"https:\/\/www.rodospalladium.gr\/","name":"Rodos Palladium Leisure &amp; Wellness","description":"Rodos Palladium Leisure &amp; Wellness is among Rhodes finest five star hotels. It enjoys a premier beach front location at Kallithea bay, offering luxurious accommodation and exclusive leisure and spa facilities.","potentialAction":[{"@type":"SearchAction","target":{"@type":"EntryPoint","urlTemplate":"https:\/\/www.rodospalladium.gr\/?s={search_term_string}"},"query-input":{"@type":"PropertyValueSpecification","valueRequired":true,"valueName":"search_term_string"}}],"inLanguage":"fr-FR"}]}},"_links":{"self":[{"href":"https:\/\/www.rodospalladium.gr\/fr\/wp-json\/wp\/v2\/pages\/682"}],"collection":[{"href":"https:\/\/www.rodospalladium.gr\/fr\/wp-json\/wp\/v2\/pages"}],"about":[{"href":"https:\/\/www.rodospalladium.gr\/fr\/wp-json\/wp\/v2\/types\/page"}],"author":[{"embeddable":true,"href":"https:\/\/www.rodospalladium.gr\/fr\/wp-json\/wp\/v2\/users\/1"}],"replies":[{"embeddable":true,"href":"https:\/\/www.rodospalladium.gr\/fr\/wp-json\/wp\/v2\/comments?post=682"}],"version-history":[{"count":11,"href":"https:\/\/www.rodospalladium.gr\/fr\/wp-json\/wp\/v2\/pages\/682\/revisions"}],"predecessor-version":[{"id":31186,"href":"https:\/\/www.rodospalladium.gr\/fr\/wp-json\/wp\/v2\/pages\/682\/revisions\/31186"}],"wp:featuredmedia":[{"embeddable":true,"href":"https:\/\/www.rodospalladium.gr\/fr\/wp-json\/wp\/v2\/media\/13404"}],"wp:attachment":[{"href":"https:\/\/www.rodospalladium.gr\/fr\/wp-json\/wp\/v2\/media?parent=682"}],"curies":[{"name":"wp","href":"https:\/\/api.w.org\/{rel}","templated":true}]}}