{"id":712,"date":"2019-02-15T08:54:47","date_gmt":"2019-02-15T05:54:47","guid":{"rendered":"http:\/\/harmony.cms4.nelios.com\/restaurants\/"},"modified":"2025-02-21T14:06:56","modified_gmt":"2025-02-21T11:06:56","slug":"restaurants-bars","status":"publish","type":"page","link":"https:\/\/www.rodospalladium.gr\/fr\/restaurants-bars\/","title":{"rendered":"Restaurants &#038; Bars"},"content":{"rendered":"<h2><span style=\"color: #baa789;\">EXPLOREZ UN MONDE D\u2019ARTS CULINAIRES SUPR\u00caMES<\/span><\/h2>\n<p>De savoureuses saveurs m\u00e9diterran\u00e9ennes, des plats internationaux intrigants et des d\u00e9lices grecs all\u00e9chants r\u00e9pondront \u00e0 tous les besoins et \u00e0 tous les go\u00fbts.<\/p>\n<p>Au Rodos Palladium vous pouvez \u00eatre confiant que la gastronomie propos\u00e9e vous laissera sans voix!<\/p>\n<p>Ce n\u2019est pas un secret que la cuisine du Rodos Palladium a \u00e9t\u00e9 salu\u00e9e et r\u00e9compens\u00e9e pour sa cr\u00e9ativit\u00e9, son go\u00fbt et sa vari\u00e9t\u00e9. Notre engagement envers les proc\u00e9dures ISO 9001\u00a0: 2000 et ISO 22000\u00a0: 2005 (Ex HACCP \u2013 Analyse des risques et points critiques pour leur maitrise) dicte une s\u00e9lection minutieuse de fournisseurs fournissant les meilleurs ingr\u00e9dients du march\u00e9 et une assurance qualit\u00e9 conforme aux normes internationales de pr\u00e9paration des aliments.<\/p>\n<p>Avec un choix impressionnant de restaurants et bar, vous pouvez \u00eatre assur\u00e9s que vous allez exp\u00e9rimenter le meilleur de la gastronomie Rhodienne!<\/p>\n<h4><strong>CODE VESTIMENTAIRE<\/strong><\/h4>\n<p>Afin de profiter au maximum de votre s\u00e9jour dans notre complexe, nos aimerions que vous sentiez compl\u00e8tement \u00e0 l\u2019aise et que vous n\u2019ayez pas \u00e0 changer de v\u00eatements plusieurs fois par jours. Cependant, en signe de respect envers tous nos convives venant de pays et de cultures diff\u00e9rents, nous appliquons un code vestimentaire chic-d\u00e9contract\u00e9 \u00e0 l\u2019heure du d\u00eener dans nos restaurants \u2013 ainsi, les tenues suivantes <strong>NE SONT PAS ACCEPT\u00c9ES<\/strong>\u00a0: <strong>Shorts de sport ou pantalon de surv\u00eatements, pantalons de sport, des tee-shirts ou des d\u00e9bardeurs ou des chemises sans manches et des tongs.<\/strong><\/p>\n","protected":false},"excerpt":{"rendered":"<p>EXPLOREZ UN MONDE D\u2019ARTS CULINAIRES SUPR\u00caMES De savoureuses saveurs m\u00e9diterran\u00e9ennes, des plats internationaux intrigants et des d\u00e9lices grecs all\u00e9chants r\u00e9pondront \u00e0 tous les besoins et \u00e0 tous les go\u00fbts. Au Rodos Palladium vous pouvez \u00eatre confiant que la gastronomie propos\u00e9e vous laissera sans voix! Ce n\u2019est pas un secret que la cuisine du Rodos Palladium<\/p>\n","protected":false},"author":1,"featured_media":13258,"parent":0,"menu_order":0,"comment_status":"closed","ping_status":"closed","template":"","meta":{"_acf_changed":false,"footnotes":""},"class_list":["post-712","page","type-page","status-publish","has-post-thumbnail","hentry"],"acf":[],"yoast_head":"<!-- This site is optimized with the Yoast SEO plugin v26.9 - https:\/\/yoast.com\/product\/yoast-seo-wordpress\/ -->\n<title>Restaurants &amp; Bars - Rodos Palladium Leisure &amp; Wellness<\/title>\n<meta name=\"robots\" content=\"index, follow, max-snippet:-1, max-image-preview:large, max-video-preview:-1\" \/>\n<link rel=\"canonical\" href=\"https:\/\/www.rodospalladium.gr\/fr\/restaurants-bars\/\" \/>\n<meta property=\"og:locale\" content=\"fr_FR\" \/>\n<meta property=\"og:type\" content=\"article\" \/>\n<meta property=\"og:title\" content=\"Restaurants &amp; Bars - Rodos Palladium Leisure &amp; Wellness\" \/>\n<meta property=\"og:description\" content=\"EXPLOREZ UN MONDE D\u2019ARTS CULINAIRES SUPR\u00caMES De savoureuses saveurs m\u00e9diterran\u00e9ennes, des plats internationaux intrigants et des d\u00e9lices grecs all\u00e9chants r\u00e9pondront \u00e0 tous les besoins et \u00e0 tous les go\u00fbts. Au Rodos Palladium vous pouvez \u00eatre confiant que la gastronomie propos\u00e9e vous laissera sans voix! Ce n\u2019est pas un secret que la cuisine du Rodos Palladium\" \/>\n<meta property=\"og:url\" content=\"https:\/\/www.rodospalladium.gr\/fr\/restaurants-bars\/\" \/>\n<meta property=\"og:site_name\" content=\"Rodos Palladium Leisure &amp; Wellness\" \/>\n<meta property=\"article:modified_time\" content=\"2025-02-21T11:06:56+00:00\" \/>\n<meta property=\"og:image\" content=\"https:\/\/www.rodospalladium.gr\/app\/uploads\/sites\/46\/2021\/08\/332_RODOS_PALLADIUM_Thalassa_Restaurant-1.jpg\" \/>\n\t<meta property=\"og:image:width\" content=\"1920\" \/>\n\t<meta property=\"og:image:height\" content=\"1200\" \/>\n\t<meta property=\"og:image:type\" content=\"image\/jpeg\" \/>\n<meta name=\"twitter:card\" content=\"summary_large_image\" \/>\n<meta name=\"twitter:label1\" content=\"Est. reading time\" \/>\n\t<meta name=\"twitter:data1\" content=\"2 minutes\" \/>\n<script type=\"application\/ld+json\" class=\"yoast-schema-graph\">{\"@context\":\"https:\/\/schema.org\",\"@graph\":[{\"@type\":\"WebPage\",\"@id\":\"https:\/\/www.rodospalladium.gr\/fr\/restaurants-bars\/\",\"url\":\"https:\/\/www.rodospalladium.gr\/fr\/restaurants-bars\/\",\"name\":\"Restaurants & Bars - Rodos Palladium Leisure &amp; Wellness\",\"isPartOf\":{\"@id\":\"https:\/\/www.rodospalladium.gr\/#website\"},\"primaryImageOfPage\":{\"@id\":\"https:\/\/www.rodospalladium.gr\/fr\/restaurants-bars\/#primaryimage\"},\"image\":{\"@id\":\"https:\/\/www.rodospalladium.gr\/fr\/restaurants-bars\/#primaryimage\"},\"thumbnailUrl\":\"https:\/\/www.rodospalladium.gr\/app\/uploads\/sites\/46\/2021\/08\/332_RODOS_PALLADIUM_Thalassa_Restaurant-1.jpg\",\"datePublished\":\"2019-02-15T05:54:47+00:00\",\"dateModified\":\"2025-02-21T11:06:56+00:00\",\"breadcrumb\":{\"@id\":\"https:\/\/www.rodospalladium.gr\/fr\/restaurants-bars\/#breadcrumb\"},\"inLanguage\":\"fr-FR\",\"potentialAction\":[{\"@type\":\"ReadAction\",\"target\":[\"https:\/\/www.rodospalladium.gr\/fr\/restaurants-bars\/\"]}]},{\"@type\":\"ImageObject\",\"inLanguage\":\"fr-FR\",\"@id\":\"https:\/\/www.rodospalladium.gr\/fr\/restaurants-bars\/#primaryimage\",\"url\":\"https:\/\/www.rodospalladium.gr\/app\/uploads\/sites\/46\/2021\/08\/332_RODOS_PALLADIUM_Thalassa_Restaurant-1.jpg\",\"contentUrl\":\"https:\/\/www.rodospalladium.gr\/app\/uploads\/sites\/46\/2021\/08\/332_RODOS_PALLADIUM_Thalassa_Restaurant-1.jpg\",\"width\":1920,\"height\":1200,\"caption\":\"RODOS PALLADIUM Thalassa_Restaurant\"},{\"@type\":\"BreadcrumbList\",\"@id\":\"https:\/\/www.rodospalladium.gr\/fr\/restaurants-bars\/#breadcrumb\",\"itemListElement\":[{\"@type\":\"ListItem\",\"position\":1,\"name\":\"Home\",\"item\":\"https:\/\/www.rodospalladium.gr\/fr\/\"},{\"@type\":\"ListItem\",\"position\":2,\"name\":\"Restaurants &#038; Bars\"}]},{\"@type\":\"WebSite\",\"@id\":\"https:\/\/www.rodospalladium.gr\/#website\",\"url\":\"https:\/\/www.rodospalladium.gr\/\",\"name\":\"Rodos Palladium Leisure &amp; Wellness\",\"description\":\"Rodos Palladium Leisure &amp; Wellness is among Rhodes finest five star hotels. It enjoys a premier beach front location at Kallithea bay, offering luxurious accommodation and exclusive leisure and spa facilities.\",\"potentialAction\":[{\"@type\":\"SearchAction\",\"target\":{\"@type\":\"EntryPoint\",\"urlTemplate\":\"https:\/\/www.rodospalladium.gr\/?s={search_term_string}\"},\"query-input\":{\"@type\":\"PropertyValueSpecification\",\"valueRequired\":true,\"valueName\":\"search_term_string\"}}],\"inLanguage\":\"fr-FR\"}]}<\/script>\n<!-- \/ Yoast SEO plugin. -->","yoast_head_json":{"title":"Restaurants & Bars - Rodos Palladium Leisure &amp; Wellness","robots":{"index":"index","follow":"follow","max-snippet":"max-snippet:-1","max-image-preview":"max-image-preview:large","max-video-preview":"max-video-preview:-1"},"canonical":"https:\/\/www.rodospalladium.gr\/fr\/restaurants-bars\/","og_locale":"fr_FR","og_type":"article","og_title":"Restaurants & Bars - Rodos Palladium Leisure &amp; Wellness","og_description":"EXPLOREZ UN MONDE D\u2019ARTS CULINAIRES SUPR\u00caMES De savoureuses saveurs m\u00e9diterran\u00e9ennes, des plats internationaux intrigants et des d\u00e9lices grecs all\u00e9chants r\u00e9pondront \u00e0 tous les besoins et \u00e0 tous les go\u00fbts. Au Rodos Palladium vous pouvez \u00eatre confiant que la gastronomie propos\u00e9e vous laissera sans voix! Ce n\u2019est pas un secret que la cuisine du Rodos Palladium","og_url":"https:\/\/www.rodospalladium.gr\/fr\/restaurants-bars\/","og_site_name":"Rodos Palladium Leisure &amp; Wellness","article_modified_time":"2025-02-21T11:06:56+00:00","og_image":[{"width":1920,"height":1200,"url":"https:\/\/www.rodospalladium.gr\/app\/uploads\/sites\/46\/2021\/08\/332_RODOS_PALLADIUM_Thalassa_Restaurant-1.jpg","type":"image\/jpeg"}],"twitter_card":"summary_large_image","twitter_misc":{"Est. reading time":"2 minutes"},"schema":{"@context":"https:\/\/schema.org","@graph":[{"@type":"WebPage","@id":"https:\/\/www.rodospalladium.gr\/fr\/restaurants-bars\/","url":"https:\/\/www.rodospalladium.gr\/fr\/restaurants-bars\/","name":"Restaurants & Bars - Rodos Palladium Leisure &amp; Wellness","isPartOf":{"@id":"https:\/\/www.rodospalladium.gr\/#website"},"primaryImageOfPage":{"@id":"https:\/\/www.rodospalladium.gr\/fr\/restaurants-bars\/#primaryimage"},"image":{"@id":"https:\/\/www.rodospalladium.gr\/fr\/restaurants-bars\/#primaryimage"},"thumbnailUrl":"https:\/\/www.rodospalladium.gr\/app\/uploads\/sites\/46\/2021\/08\/332_RODOS_PALLADIUM_Thalassa_Restaurant-1.jpg","datePublished":"2019-02-15T05:54:47+00:00","dateModified":"2025-02-21T11:06:56+00:00","breadcrumb":{"@id":"https:\/\/www.rodospalladium.gr\/fr\/restaurants-bars\/#breadcrumb"},"inLanguage":"fr-FR","potentialAction":[{"@type":"ReadAction","target":["https:\/\/www.rodospalladium.gr\/fr\/restaurants-bars\/"]}]},{"@type":"ImageObject","inLanguage":"fr-FR","@id":"https:\/\/www.rodospalladium.gr\/fr\/restaurants-bars\/#primaryimage","url":"https:\/\/www.rodospalladium.gr\/app\/uploads\/sites\/46\/2021\/08\/332_RODOS_PALLADIUM_Thalassa_Restaurant-1.jpg","contentUrl":"https:\/\/www.rodospalladium.gr\/app\/uploads\/sites\/46\/2021\/08\/332_RODOS_PALLADIUM_Thalassa_Restaurant-1.jpg","width":1920,"height":1200,"caption":"RODOS PALLADIUM Thalassa_Restaurant"},{"@type":"BreadcrumbList","@id":"https:\/\/www.rodospalladium.gr\/fr\/restaurants-bars\/#breadcrumb","itemListElement":[{"@type":"ListItem","position":1,"name":"Home","item":"https:\/\/www.rodospalladium.gr\/fr\/"},{"@type":"ListItem","position":2,"name":"Restaurants &#038; Bars"}]},{"@type":"WebSite","@id":"https:\/\/www.rodospalladium.gr\/#website","url":"https:\/\/www.rodospalladium.gr\/","name":"Rodos Palladium Leisure &amp; Wellness","description":"Rodos Palladium Leisure &amp; Wellness is among Rhodes finest five star hotels. It enjoys a premier beach front location at Kallithea bay, offering luxurious accommodation and exclusive leisure and spa facilities.","potentialAction":[{"@type":"SearchAction","target":{"@type":"EntryPoint","urlTemplate":"https:\/\/www.rodospalladium.gr\/?s={search_term_string}"},"query-input":{"@type":"PropertyValueSpecification","valueRequired":true,"valueName":"search_term_string"}}],"inLanguage":"fr-FR"}]}},"_links":{"self":[{"href":"https:\/\/www.rodospalladium.gr\/fr\/wp-json\/wp\/v2\/pages\/712"}],"collection":[{"href":"https:\/\/www.rodospalladium.gr\/fr\/wp-json\/wp\/v2\/pages"}],"about":[{"href":"https:\/\/www.rodospalladium.gr\/fr\/wp-json\/wp\/v2\/types\/page"}],"author":[{"embeddable":true,"href":"https:\/\/www.rodospalladium.gr\/fr\/wp-json\/wp\/v2\/users\/1"}],"replies":[{"embeddable":true,"href":"https:\/\/www.rodospalladium.gr\/fr\/wp-json\/wp\/v2\/comments?post=712"}],"version-history":[{"count":10,"href":"https:\/\/www.rodospalladium.gr\/fr\/wp-json\/wp\/v2\/pages\/712\/revisions"}],"predecessor-version":[{"id":30726,"href":"https:\/\/www.rodospalladium.gr\/fr\/wp-json\/wp\/v2\/pages\/712\/revisions\/30726"}],"wp:featuredmedia":[{"embeddable":true,"href":"https:\/\/www.rodospalladium.gr\/fr\/wp-json\/wp\/v2\/media\/13258"}],"wp:attachment":[{"href":"https:\/\/www.rodospalladium.gr\/fr\/wp-json\/wp\/v2\/media?parent=712"}],"curies":[{"name":"wp","href":"https:\/\/api.w.org\/{rel}","templated":true}]}}