{"id":736,"date":"2019-02-15T08:54:46","date_gmt":"2019-02-15T05:54:46","guid":{"rendered":"http:\/\/harmony.cms4.nelios.com\/home\/"},"modified":"2025-12-09T09:46:05","modified_gmt":"2025-12-09T06:46:05","slug":"home","status":"publish","type":"page","link":"https:\/\/www.rodospalladium.gr\/fr\/","title":{"rendered":"Home"},"content":{"rendered":"<h1><span style=\"color: #baa789;\">UNE VERITABLE OASIS 5 ETOILES DE LOISIRS ET DE BIEN-\u00caTRE EN BORD DE MER!<\/span><\/h1>\n<p>Etant l\u2019un des h\u00f4tels les plus r\u00e9compens\u00e9s de l\u2019\u00eele, le Rodos Palladium a acquis la r\u00e9putation de plaire m\u00eame aux vacanciers les plus exigeants. Ce complexe 5 \u00e9toiles de premi\u00e8re classe occupe une position de premier plan sur la plage de sable et de galets de Kallithea, r\u00e9compens\u00e9 par le drapeau bleu. L\u2019\u00e9tablissement est r\u00e9put\u00e9 pour sa passion authentique et intemporelle pour l\u2019hospitalit\u00e9 Grecque, offrant a ses clients une exp\u00e9rience authentique avec une attention m\u00e9ticuleuse des d\u00e9tails.<\/p>\n<p>Des saveurs Grecques et m\u00e9diterran\u00e9ennes raffin\u00e9es, des bars cosmopolites, une grande piscine tropicale et un spa avec une piscine int\u00e9rieure chauff\u00e9e font du Rodos Palladium le choix id\u00e9al pour votre s\u00e9jour \u00e0 Rhodes. Situ\u00e9 \u00e0 seulement 8 km de la ville de Rhodes, il garantit incontestablement un environnement de vacances relaxant et sans soucis.<\/p>\n","protected":false},"excerpt":{"rendered":"<p>UNE VERITABLE OASIS 5 ETOILES DE LOISIRS ET DE BIEN-\u00caTRE EN BORD DE MER! Etant l\u2019un des h\u00f4tels les plus r\u00e9compens\u00e9s de l\u2019\u00eele, le Rodos Palladium a acquis la r\u00e9putation de plaire m\u00eame aux vacanciers les plus exigeants. Ce complexe 5 \u00e9toiles de premi\u00e8re classe occupe une position de premier plan sur la plage de<\/p>\n","protected":false},"author":1,"featured_media":13404,"parent":0,"menu_order":0,"comment_status":"closed","ping_status":"closed","template":"","meta":{"_acf_changed":false,"footnotes":""},"class_list":["post-736","page","type-page","status-publish","has-post-thumbnail","hentry"],"acf":[],"yoast_head":"<!-- This site is optimized with the Yoast SEO plugin v26.9 - https:\/\/yoast.com\/product\/yoast-seo-wordpress\/ -->\n<title>Rodos Palladium Hotel | 5 star Luxury Beachfront Hotel in Rhodes<\/title>\n<meta name=\"description\" content=\"Rodos Palladium is among Rhodes&#039; finest 5 star beach front hotels offering luxurious accommodation and spa facilities.\" \/>\n<meta name=\"robots\" content=\"index, follow, max-snippet:-1, max-image-preview:large, max-video-preview:-1\" \/>\n<link rel=\"canonical\" href=\"https:\/\/www.rodospalladium.gr\/fr\/\" \/>\n<meta property=\"og:locale\" content=\"fr_FR\" \/>\n<meta property=\"og:type\" content=\"article\" \/>\n<meta property=\"og:title\" content=\"Rodos Palladium Hotel | 5 star Luxury Beachfront Hotel in Rhodes\" \/>\n<meta property=\"og:description\" content=\"Rodos Palladium is among Rhodes&#039; finest 5 star beach front hotels offering luxurious accommodation and spa facilities.\" \/>\n<meta property=\"og:url\" content=\"https:\/\/www.rodospalladium.gr\/fr\/\" \/>\n<meta property=\"og:site_name\" content=\"Rodos Palladium Leisure &amp; Wellness\" \/>\n<meta property=\"article:modified_time\" content=\"2025-12-09T06:46:05+00:00\" \/>\n<meta property=\"og:image\" content=\"https:\/\/www.rodospalladium.gr\/app\/uploads\/sites\/46\/2021\/08\/254_RODOS_PALLADIUM_Outdoor_Pools.jpg\" \/>\n\t<meta property=\"og:image:width\" content=\"1920\" \/>\n\t<meta property=\"og:image:height\" content=\"1200\" \/>\n\t<meta property=\"og:image:type\" content=\"image\/jpeg\" \/>\n<meta name=\"twitter:card\" content=\"summary_large_image\" \/>\n<meta name=\"twitter:label1\" content=\"Est. reading time\" \/>\n\t<meta name=\"twitter:data1\" content=\"1 minute\" \/>\n<script type=\"application\/ld+json\" class=\"yoast-schema-graph\">{\"@context\":\"https:\/\/schema.org\",\"@graph\":[{\"@type\":\"WebPage\",\"@id\":\"https:\/\/www.rodospalladium.gr\/fr\/\",\"url\":\"https:\/\/www.rodospalladium.gr\/fr\/\",\"name\":\"Rodos Palladium Hotel | 5 star Luxury Beachfront Hotel in Rhodes\",\"isPartOf\":{\"@id\":\"https:\/\/www.rodospalladium.gr\/#website\"},\"primaryImageOfPage\":{\"@id\":\"https:\/\/www.rodospalladium.gr\/fr\/#primaryimage\"},\"image\":{\"@id\":\"https:\/\/www.rodospalladium.gr\/fr\/#primaryimage\"},\"thumbnailUrl\":\"https:\/\/www.rodospalladium.gr\/app\/uploads\/sites\/46\/2021\/08\/254_RODOS_PALLADIUM_Outdoor_Pools.jpg\",\"datePublished\":\"2019-02-15T05:54:46+00:00\",\"dateModified\":\"2025-12-09T06:46:05+00:00\",\"description\":\"Rodos Palladium is among Rhodes' finest 5 star beach front hotels offering luxurious accommodation and spa facilities.\",\"breadcrumb\":{\"@id\":\"https:\/\/www.rodospalladium.gr\/fr\/#breadcrumb\"},\"inLanguage\":\"fr-FR\",\"potentialAction\":[{\"@type\":\"ReadAction\",\"target\":[\"https:\/\/www.rodospalladium.gr\/fr\/\"]}]},{\"@type\":\"ImageObject\",\"inLanguage\":\"fr-FR\",\"@id\":\"https:\/\/www.rodospalladium.gr\/fr\/#primaryimage\",\"url\":\"https:\/\/www.rodospalladium.gr\/app\/uploads\/sites\/46\/2021\/08\/254_RODOS_PALLADIUM_Outdoor_Pools.jpg\",\"contentUrl\":\"https:\/\/www.rodospalladium.gr\/app\/uploads\/sites\/46\/2021\/08\/254_RODOS_PALLADIUM_Outdoor_Pools.jpg\",\"width\":1920,\"height\":1200,\"caption\":\"Outdoor Pools\"},{\"@type\":\"BreadcrumbList\",\"@id\":\"https:\/\/www.rodospalladium.gr\/fr\/#breadcrumb\",\"itemListElement\":[{\"@type\":\"ListItem\",\"position\":1,\"name\":\"Home\",\"item\":\"https:\/\/www.rodospalladium.gr\/fr\/\"},{\"@type\":\"ListItem\",\"position\":2,\"name\":\"Home\"}]},{\"@type\":\"WebSite\",\"@id\":\"https:\/\/www.rodospalladium.gr\/#website\",\"url\":\"https:\/\/www.rodospalladium.gr\/\",\"name\":\"Rodos Palladium Leisure &amp; Wellness\",\"description\":\"Rodos Palladium Leisure &amp; Wellness is among Rhodes finest five star hotels. It enjoys a premier beach front location at Kallithea bay, offering luxurious accommodation and exclusive leisure and spa facilities.\",\"potentialAction\":[{\"@type\":\"SearchAction\",\"target\":{\"@type\":\"EntryPoint\",\"urlTemplate\":\"https:\/\/www.rodospalladium.gr\/?s={search_term_string}\"},\"query-input\":{\"@type\":\"PropertyValueSpecification\",\"valueRequired\":true,\"valueName\":\"search_term_string\"}}],\"inLanguage\":\"fr-FR\"}]}<\/script>\n<!-- \/ Yoast SEO plugin. -->","yoast_head_json":{"title":"Rodos Palladium Hotel | 5 star Luxury Beachfront Hotel in Rhodes","description":"Rodos Palladium is among Rhodes' finest 5 star beach front hotels offering luxurious accommodation and spa facilities.","robots":{"index":"index","follow":"follow","max-snippet":"max-snippet:-1","max-image-preview":"max-image-preview:large","max-video-preview":"max-video-preview:-1"},"canonical":"https:\/\/www.rodospalladium.gr\/fr\/","og_locale":"fr_FR","og_type":"article","og_title":"Rodos Palladium Hotel | 5 star Luxury Beachfront Hotel in Rhodes","og_description":"Rodos Palladium is among Rhodes' finest 5 star beach front hotels offering luxurious accommodation and spa facilities.","og_url":"https:\/\/www.rodospalladium.gr\/fr\/","og_site_name":"Rodos Palladium Leisure &amp; Wellness","article_modified_time":"2025-12-09T06:46:05+00:00","og_image":[{"width":1920,"height":1200,"url":"https:\/\/www.rodospalladium.gr\/app\/uploads\/sites\/46\/2021\/08\/254_RODOS_PALLADIUM_Outdoor_Pools.jpg","type":"image\/jpeg"}],"twitter_card":"summary_large_image","twitter_misc":{"Est. reading time":"1 minute"},"schema":{"@context":"https:\/\/schema.org","@graph":[{"@type":"WebPage","@id":"https:\/\/www.rodospalladium.gr\/fr\/","url":"https:\/\/www.rodospalladium.gr\/fr\/","name":"Rodos Palladium Hotel | 5 star Luxury Beachfront Hotel in Rhodes","isPartOf":{"@id":"https:\/\/www.rodospalladium.gr\/#website"},"primaryImageOfPage":{"@id":"https:\/\/www.rodospalladium.gr\/fr\/#primaryimage"},"image":{"@id":"https:\/\/www.rodospalladium.gr\/fr\/#primaryimage"},"thumbnailUrl":"https:\/\/www.rodospalladium.gr\/app\/uploads\/sites\/46\/2021\/08\/254_RODOS_PALLADIUM_Outdoor_Pools.jpg","datePublished":"2019-02-15T05:54:46+00:00","dateModified":"2025-12-09T06:46:05+00:00","description":"Rodos Palladium is among Rhodes' finest 5 star beach front hotels offering luxurious accommodation and spa facilities.","breadcrumb":{"@id":"https:\/\/www.rodospalladium.gr\/fr\/#breadcrumb"},"inLanguage":"fr-FR","potentialAction":[{"@type":"ReadAction","target":["https:\/\/www.rodospalladium.gr\/fr\/"]}]},{"@type":"ImageObject","inLanguage":"fr-FR","@id":"https:\/\/www.rodospalladium.gr\/fr\/#primaryimage","url":"https:\/\/www.rodospalladium.gr\/app\/uploads\/sites\/46\/2021\/08\/254_RODOS_PALLADIUM_Outdoor_Pools.jpg","contentUrl":"https:\/\/www.rodospalladium.gr\/app\/uploads\/sites\/46\/2021\/08\/254_RODOS_PALLADIUM_Outdoor_Pools.jpg","width":1920,"height":1200,"caption":"Outdoor Pools"},{"@type":"BreadcrumbList","@id":"https:\/\/www.rodospalladium.gr\/fr\/#breadcrumb","itemListElement":[{"@type":"ListItem","position":1,"name":"Home","item":"https:\/\/www.rodospalladium.gr\/fr\/"},{"@type":"ListItem","position":2,"name":"Home"}]},{"@type":"WebSite","@id":"https:\/\/www.rodospalladium.gr\/#website","url":"https:\/\/www.rodospalladium.gr\/","name":"Rodos Palladium Leisure &amp; Wellness","description":"Rodos Palladium Leisure &amp; Wellness is among Rhodes finest five star hotels. It enjoys a premier beach front location at Kallithea bay, offering luxurious accommodation and exclusive leisure and spa facilities.","potentialAction":[{"@type":"SearchAction","target":{"@type":"EntryPoint","urlTemplate":"https:\/\/www.rodospalladium.gr\/?s={search_term_string}"},"query-input":{"@type":"PropertyValueSpecification","valueRequired":true,"valueName":"search_term_string"}}],"inLanguage":"fr-FR"}]}},"_links":{"self":[{"href":"https:\/\/www.rodospalladium.gr\/fr\/wp-json\/wp\/v2\/pages\/736"}],"collection":[{"href":"https:\/\/www.rodospalladium.gr\/fr\/wp-json\/wp\/v2\/pages"}],"about":[{"href":"https:\/\/www.rodospalladium.gr\/fr\/wp-json\/wp\/v2\/types\/page"}],"author":[{"embeddable":true,"href":"https:\/\/www.rodospalladium.gr\/fr\/wp-json\/wp\/v2\/users\/1"}],"replies":[{"embeddable":true,"href":"https:\/\/www.rodospalladium.gr\/fr\/wp-json\/wp\/v2\/comments?post=736"}],"version-history":[{"count":11,"href":"https:\/\/www.rodospalladium.gr\/fr\/wp-json\/wp\/v2\/pages\/736\/revisions"}],"predecessor-version":[{"id":31720,"href":"https:\/\/www.rodospalladium.gr\/fr\/wp-json\/wp\/v2\/pages\/736\/revisions\/31720"}],"wp:featuredmedia":[{"embeddable":true,"href":"https:\/\/www.rodospalladium.gr\/fr\/wp-json\/wp\/v2\/media\/13404"}],"wp:attachment":[{"href":"https:\/\/www.rodospalladium.gr\/fr\/wp-json\/wp\/v2\/media?parent=736"}],"curies":[{"name":"wp","href":"https:\/\/api.w.org\/{rel}","templated":true}]}}