{"id":760,"date":"2019-02-15T08:54:46","date_gmt":"2019-02-15T05:54:46","guid":{"rendered":"http:\/\/harmony.cms4.nelios.com\/rooms\/"},"modified":"2024-09-09T11:05:46","modified_gmt":"2024-09-09T08:05:46","slug":"rooms","status":"publish","type":"page","link":"https:\/\/www.rodospalladium.gr\/fr\/rooms\/","title":{"rendered":"CHAMBRES &#038; SUITES"},"content":{"rendered":"<h2><span style=\"color: #baa789;\">UNE OASIS D\u2019H\u00c9BERGEMENT DE LUXE<\/span><\/h2>\n<p>Incarnant une \u00e9l\u00e9gance in\u00e9gal\u00e9e, notre \u00e9tablissement \u00e9tablit le summum des standards, offrant un confort dans les chambres qui reste in\u00e9gal\u00e9 ailleurs sur l\u2019\u00eele.<\/p>\n<p><a href=\"https:\/\/www.rodospalladium.gr\/new-relaxed-cancellation-payment-terms\/\">Appuyez-ici pour lire sur nos<\/a><br \/>\n<a href=\"https:\/\/www.rodospalladium.gr\/new-relaxed-cancellation-payment-terms\/\"><strong>POLITIQUES D\u2019ANNULATION ET DE PAIEMENT\u00a0<\/strong><\/a><br \/>\nqui offrent un maximum de flexibilit\u00e9 et de tranquillit\u00e9 d\u2019esprit !<\/p>\n","protected":false},"excerpt":{"rendered":"<p>UNE OASIS D\u2019H\u00c9BERGEMENT DE LUXE Incarnant une \u00e9l\u00e9gance in\u00e9gal\u00e9e, notre \u00e9tablissement \u00e9tablit le summum des standards, offrant un confort dans les chambres qui reste in\u00e9gal\u00e9 ailleurs sur l\u2019\u00eele. Appuyez-ici pour lire sur nos POLITIQUES D\u2019ANNULATION ET DE PAIEMENT\u00a0 qui offrent un maximum de flexibilit\u00e9 et de tranquillit\u00e9 d\u2019esprit !<\/p>\n","protected":false},"author":2,"featured_media":9226,"parent":0,"menu_order":0,"comment_status":"closed","ping_status":"closed","template":"page-templates\/rooms.php","meta":{"_acf_changed":false,"footnotes":""},"class_list":["post-760","page","type-page","status-publish","has-post-thumbnail","hentry"],"acf":[],"yoast_head":"<!-- This site is optimized with the Yoast SEO plugin v26.9 - https:\/\/yoast.com\/product\/yoast-seo-wordpress\/ -->\n<title>CHAMBRES &amp; SUITES - Rodos Palladium Leisure &amp; Wellness<\/title>\n<meta name=\"robots\" content=\"index, follow, max-snippet:-1, max-image-preview:large, max-video-preview:-1\" \/>\n<link rel=\"canonical\" href=\"https:\/\/www.rodospalladium.gr\/fr\/rooms\/\" \/>\n<meta property=\"og:locale\" content=\"fr_FR\" \/>\n<meta property=\"og:type\" content=\"article\" \/>\n<meta property=\"og:title\" content=\"CHAMBRES &amp; SUITES - Rodos Palladium Leisure &amp; Wellness\" \/>\n<meta property=\"og:description\" content=\"UNE OASIS D\u2019H\u00c9BERGEMENT DE LUXE Incarnant une \u00e9l\u00e9gance in\u00e9gal\u00e9e, notre \u00e9tablissement \u00e9tablit le summum des standards, offrant un confort dans les chambres qui reste in\u00e9gal\u00e9 ailleurs sur l\u2019\u00eele. Appuyez-ici pour lire sur nos POLITIQUES D\u2019ANNULATION ET DE PAIEMENT\u00a0 qui offrent un maximum de flexibilit\u00e9 et de tranquillit\u00e9 d\u2019esprit !\" \/>\n<meta property=\"og:url\" content=\"https:\/\/www.rodospalladium.gr\/fr\/rooms\/\" \/>\n<meta property=\"og:site_name\" content=\"Rodos Palladium Leisure &amp; Wellness\" \/>\n<meta property=\"article:modified_time\" content=\"2024-09-09T08:05:46+00:00\" \/>\n<meta property=\"og:image\" content=\"https:\/\/www.rodospalladium.gr\/app\/uploads\/sites\/46\/2019\/06\/Suite-Livingroom-1_result.jpeg\" \/>\n\t<meta property=\"og:image:width\" content=\"1920\" \/>\n\t<meta property=\"og:image:height\" content=\"1278\" \/>\n\t<meta property=\"og:image:type\" content=\"image\/jpeg\" \/>\n<meta name=\"twitter:card\" content=\"summary_large_image\" \/>\n<meta name=\"twitter:label1\" content=\"Est. reading time\" \/>\n\t<meta name=\"twitter:data1\" content=\"1 minute\" \/>\n<script type=\"application\/ld+json\" class=\"yoast-schema-graph\">{\"@context\":\"https:\/\/schema.org\",\"@graph\":[{\"@type\":\"WebPage\",\"@id\":\"https:\/\/www.rodospalladium.gr\/fr\/rooms\/\",\"url\":\"https:\/\/www.rodospalladium.gr\/fr\/rooms\/\",\"name\":\"CHAMBRES & SUITES - Rodos Palladium Leisure &amp; Wellness\",\"isPartOf\":{\"@id\":\"https:\/\/www.rodospalladium.gr\/#website\"},\"primaryImageOfPage\":{\"@id\":\"https:\/\/www.rodospalladium.gr\/fr\/rooms\/#primaryimage\"},\"image\":{\"@id\":\"https:\/\/www.rodospalladium.gr\/fr\/rooms\/#primaryimage\"},\"thumbnailUrl\":\"https:\/\/www.rodospalladium.gr\/app\/uploads\/sites\/46\/2019\/06\/Suite-Livingroom-1_result.jpeg\",\"datePublished\":\"2019-02-15T05:54:46+00:00\",\"dateModified\":\"2024-09-09T08:05:46+00:00\",\"breadcrumb\":{\"@id\":\"https:\/\/www.rodospalladium.gr\/fr\/rooms\/#breadcrumb\"},\"inLanguage\":\"fr-FR\",\"potentialAction\":[{\"@type\":\"ReadAction\",\"target\":[\"https:\/\/www.rodospalladium.gr\/fr\/rooms\/\"]}]},{\"@type\":\"ImageObject\",\"inLanguage\":\"fr-FR\",\"@id\":\"https:\/\/www.rodospalladium.gr\/fr\/rooms\/#primaryimage\",\"url\":\"https:\/\/www.rodospalladium.gr\/app\/uploads\/sites\/46\/2019\/06\/Suite-Livingroom-1_result.jpeg\",\"contentUrl\":\"https:\/\/www.rodospalladium.gr\/app\/uploads\/sites\/46\/2019\/06\/Suite-Livingroom-1_result.jpeg\",\"width\":1920,\"height\":1278},{\"@type\":\"BreadcrumbList\",\"@id\":\"https:\/\/www.rodospalladium.gr\/fr\/rooms\/#breadcrumb\",\"itemListElement\":[{\"@type\":\"ListItem\",\"position\":1,\"name\":\"Home\",\"item\":\"https:\/\/www.rodospalladium.gr\/fr\/\"},{\"@type\":\"ListItem\",\"position\":2,\"name\":\"CHAMBRES &#038; SUITES\"}]},{\"@type\":\"WebSite\",\"@id\":\"https:\/\/www.rodospalladium.gr\/#website\",\"url\":\"https:\/\/www.rodospalladium.gr\/\",\"name\":\"Rodos Palladium Leisure &amp; Wellness\",\"description\":\"Rodos Palladium Leisure &amp; Wellness is among Rhodes finest five star hotels. It enjoys a premier beach front location at Kallithea bay, offering luxurious accommodation and exclusive leisure and spa facilities.\",\"potentialAction\":[{\"@type\":\"SearchAction\",\"target\":{\"@type\":\"EntryPoint\",\"urlTemplate\":\"https:\/\/www.rodospalladium.gr\/?s={search_term_string}\"},\"query-input\":{\"@type\":\"PropertyValueSpecification\",\"valueRequired\":true,\"valueName\":\"search_term_string\"}}],\"inLanguage\":\"fr-FR\"}]}<\/script>\n<!-- \/ Yoast SEO plugin. -->","yoast_head_json":{"title":"CHAMBRES & SUITES - Rodos Palladium Leisure &amp; Wellness","robots":{"index":"index","follow":"follow","max-snippet":"max-snippet:-1","max-image-preview":"max-image-preview:large","max-video-preview":"max-video-preview:-1"},"canonical":"https:\/\/www.rodospalladium.gr\/fr\/rooms\/","og_locale":"fr_FR","og_type":"article","og_title":"CHAMBRES & SUITES - Rodos Palladium Leisure &amp; Wellness","og_description":"UNE OASIS D\u2019H\u00c9BERGEMENT DE LUXE Incarnant une \u00e9l\u00e9gance in\u00e9gal\u00e9e, notre \u00e9tablissement \u00e9tablit le summum des standards, offrant un confort dans les chambres qui reste in\u00e9gal\u00e9 ailleurs sur l\u2019\u00eele. Appuyez-ici pour lire sur nos POLITIQUES D\u2019ANNULATION ET DE PAIEMENT\u00a0 qui offrent un maximum de flexibilit\u00e9 et de tranquillit\u00e9 d\u2019esprit !","og_url":"https:\/\/www.rodospalladium.gr\/fr\/rooms\/","og_site_name":"Rodos Palladium Leisure &amp; Wellness","article_modified_time":"2024-09-09T08:05:46+00:00","og_image":[{"width":1920,"height":1278,"url":"https:\/\/www.rodospalladium.gr\/app\/uploads\/sites\/46\/2019\/06\/Suite-Livingroom-1_result.jpeg","type":"image\/jpeg"}],"twitter_card":"summary_large_image","twitter_misc":{"Est. reading time":"1 minute"},"schema":{"@context":"https:\/\/schema.org","@graph":[{"@type":"WebPage","@id":"https:\/\/www.rodospalladium.gr\/fr\/rooms\/","url":"https:\/\/www.rodospalladium.gr\/fr\/rooms\/","name":"CHAMBRES & SUITES - Rodos Palladium Leisure &amp; Wellness","isPartOf":{"@id":"https:\/\/www.rodospalladium.gr\/#website"},"primaryImageOfPage":{"@id":"https:\/\/www.rodospalladium.gr\/fr\/rooms\/#primaryimage"},"image":{"@id":"https:\/\/www.rodospalladium.gr\/fr\/rooms\/#primaryimage"},"thumbnailUrl":"https:\/\/www.rodospalladium.gr\/app\/uploads\/sites\/46\/2019\/06\/Suite-Livingroom-1_result.jpeg","datePublished":"2019-02-15T05:54:46+00:00","dateModified":"2024-09-09T08:05:46+00:00","breadcrumb":{"@id":"https:\/\/www.rodospalladium.gr\/fr\/rooms\/#breadcrumb"},"inLanguage":"fr-FR","potentialAction":[{"@type":"ReadAction","target":["https:\/\/www.rodospalladium.gr\/fr\/rooms\/"]}]},{"@type":"ImageObject","inLanguage":"fr-FR","@id":"https:\/\/www.rodospalladium.gr\/fr\/rooms\/#primaryimage","url":"https:\/\/www.rodospalladium.gr\/app\/uploads\/sites\/46\/2019\/06\/Suite-Livingroom-1_result.jpeg","contentUrl":"https:\/\/www.rodospalladium.gr\/app\/uploads\/sites\/46\/2019\/06\/Suite-Livingroom-1_result.jpeg","width":1920,"height":1278},{"@type":"BreadcrumbList","@id":"https:\/\/www.rodospalladium.gr\/fr\/rooms\/#breadcrumb","itemListElement":[{"@type":"ListItem","position":1,"name":"Home","item":"https:\/\/www.rodospalladium.gr\/fr\/"},{"@type":"ListItem","position":2,"name":"CHAMBRES &#038; SUITES"}]},{"@type":"WebSite","@id":"https:\/\/www.rodospalladium.gr\/#website","url":"https:\/\/www.rodospalladium.gr\/","name":"Rodos Palladium Leisure &amp; Wellness","description":"Rodos Palladium Leisure &amp; Wellness is among Rhodes finest five star hotels. It enjoys a premier beach front location at Kallithea bay, offering luxurious accommodation and exclusive leisure and spa facilities.","potentialAction":[{"@type":"SearchAction","target":{"@type":"EntryPoint","urlTemplate":"https:\/\/www.rodospalladium.gr\/?s={search_term_string}"},"query-input":{"@type":"PropertyValueSpecification","valueRequired":true,"valueName":"search_term_string"}}],"inLanguage":"fr-FR"}]}},"_links":{"self":[{"href":"https:\/\/www.rodospalladium.gr\/fr\/wp-json\/wp\/v2\/pages\/760"}],"collection":[{"href":"https:\/\/www.rodospalladium.gr\/fr\/wp-json\/wp\/v2\/pages"}],"about":[{"href":"https:\/\/www.rodospalladium.gr\/fr\/wp-json\/wp\/v2\/types\/page"}],"author":[{"embeddable":true,"href":"https:\/\/www.rodospalladium.gr\/fr\/wp-json\/wp\/v2\/users\/2"}],"replies":[{"embeddable":true,"href":"https:\/\/www.rodospalladium.gr\/fr\/wp-json\/wp\/v2\/comments?post=760"}],"version-history":[{"count":10,"href":"https:\/\/www.rodospalladium.gr\/fr\/wp-json\/wp\/v2\/pages\/760\/revisions"}],"predecessor-version":[{"id":30242,"href":"https:\/\/www.rodospalladium.gr\/fr\/wp-json\/wp\/v2\/pages\/760\/revisions\/30242"}],"wp:featuredmedia":[{"embeddable":true,"href":"https:\/\/www.rodospalladium.gr\/fr\/wp-json\/wp\/v2\/media\/9226"}],"wp:attachment":[{"href":"https:\/\/www.rodospalladium.gr\/fr\/wp-json\/wp\/v2\/media?parent=760"}],"curies":[{"name":"wp","href":"https:\/\/api.w.org\/{rel}","templated":true}]}}